{"id":4774,"date":"2022-05-30T21:50:32","date_gmt":"2022-05-30T20:50:32","guid":{"rendered":"http:\/\/spiem.pt\/about-spiem\/spiems-privacy-policy\/"},"modified":"2025-10-13T20:25:43","modified_gmt":"2025-10-13T19:25:43","slug":"spiems-privacy-policy","status":"publish","type":"page","link":"https:\/\/spiem.pt\/en\/about-spiem\/spiems-privacy-policy\/","title":{"rendered":"SPIEM&#8217;s privacy policy"},"content":{"rendered":"\t\t<div data-elementor-type=\"wp-page\" data-elementor-id=\"4774\" class=\"elementor elementor-4774 elementor-3\" data-elementor-post-type=\"page\">\n\t\t\t\t\t\t<section class=\"elementor-section elementor-top-section elementor-element elementor-element-a5f9025 elementor-section-boxed elementor-section-height-default elementor-section-height-default elementor-invisible\" data-id=\"a5f9025\" data-element_type=\"section\" data-e-type=\"section\" data-settings=\"{&quot;jet_parallax_layout_list&quot;:[],&quot;animation&quot;:&quot;fadeIn&quot;}\">\n\t\t\t\t\t\t<div class=\"elementor-container elementor-column-gap-default\">\n\t\t\t\t\t<div class=\"elementor-column elementor-col-50 elementor-top-column elementor-element elementor-element-0ca6e21\" data-id=\"0ca6e21\" data-element_type=\"column\" data-e-type=\"column\">\n\t\t\t<div class=\"elementor-widget-wrap elementor-element-populated\">\n\t\t\t\t\t\t<div class=\"elementor-element elementor-element-e5df29c elementor-toc--minimized-on-tablet elementor-widget elementor-widget-table-of-contents\" data-id=\"e5df29c\" data-element_type=\"widget\" data-e-type=\"widget\" data-settings=\"{&quot;headings_by_tags&quot;:[&quot;h5&quot;,&quot;h6&quot;],&quot;exclude_headings_by_selector&quot;:[],&quot;marker_view&quot;:&quot;bullets&quot;,&quot;icon&quot;:{&quot;value&quot;:&quot;fas fa-arrow-circle-right&quot;,&quot;library&quot;:&quot;fa-solid&quot;},&quot;sticky&quot;:&quot;top&quot;,&quot;sticky_offset&quot;:150,&quot;sticky_on&quot;:[&quot;desktop&quot;,&quot;tablet&quot;],&quot;sticky_parent&quot;:&quot;yes&quot;,&quot;no_headings_message&quot;:&quot;No headings were found on this page.&quot;,&quot;minimize_box&quot;:&quot;yes&quot;,&quot;minimized_on&quot;:&quot;tablet&quot;,&quot;hierarchical_view&quot;:&quot;yes&quot;,&quot;min_height&quot;:{&quot;unit&quot;:&quot;px&quot;,&quot;size&quot;:&quot;&quot;,&quot;sizes&quot;:[]},&quot;min_height_tablet&quot;:{&quot;unit&quot;:&quot;px&quot;,&quot;size&quot;:&quot;&quot;,&quot;sizes&quot;:[]},&quot;min_height_mobile&quot;:{&quot;unit&quot;:&quot;px&quot;,&quot;size&quot;:&quot;&quot;,&quot;sizes&quot;:[]},&quot;sticky_effects_offset&quot;:0,&quot;sticky_anchor_link_offset&quot;:0}\" data-widget_type=\"table-of-contents.default\">\n\t\t\t\t\t\t\t\t\t<div class=\"elementor-toc__header\">\n\t\t\t\t\t\t<h4 class=\"elementor-toc__header-title\">\n\t\t\t\tTable of contents\t\t\t<\/h4>\n\t\t\t\t\t\t\t\t\t\t<div class=\"elementor-toc__toggle-button elementor-toc__toggle-button--expand\" role=\"button\" tabindex=\"0\" aria-controls=\"elementor-toc__e5df29c\" aria-expanded=\"true\" aria-label=\"Open table of contents\"><i aria-hidden=\"true\" class=\"fas fa-chevron-down\"><\/i><\/div>\n\t\t\t\t<div class=\"elementor-toc__toggle-button elementor-toc__toggle-button--collapse\" role=\"button\" tabindex=\"0\" aria-controls=\"elementor-toc__e5df29c\" aria-expanded=\"true\" aria-label=\"Close table of contents\"><i aria-hidden=\"true\" class=\"fas fa-chevron-up\"><\/i><\/div>\n\t\t\t\t\t<\/div>\n\t\t\t\t<div id=\"elementor-toc__e5df29c\" class=\"elementor-toc__body\">\n\t\t\t<div class=\"elementor-toc__spinner-container\">\n\t\t\t\t<i class=\"elementor-toc__spinner eicon-animation-spin eicon-loading\" aria-hidden=\"true\"><\/i>\t\t\t<\/div>\n\t\t<\/div>\n\t\t\t\t\t\t<\/div>\n\t\t\t\t\t<\/div>\n\t\t<\/div>\n\t\t\t\t<div class=\"elementor-column elementor-col-50 elementor-top-column elementor-element elementor-element-177a34d\" data-id=\"177a34d\" data-element_type=\"column\" data-e-type=\"column\">\n\t\t\t<div class=\"elementor-widget-wrap elementor-element-populated\">\n\t\t\t\t\t\t<div class=\"elementor-element elementor-element-0938c6e elementor-widget elementor-widget-text-editor\" data-id=\"0938c6e\" data-element_type=\"widget\" data-e-type=\"widget\" data-widget_type=\"text-editor.default\">\n\t\t\t\t\t\t\t\t\t<p><em>Please read our Privacy Policy carefully.<\/em><br><em>If you do not agree to it, you should not use this website.<\/em><\/p><p><em> <\/em><\/p><p>The Portuguese Society of Research in Mathematics Education &#8211; SPIEM recognises the importance of privacy. We do not give your information to third parties.<br>The website www.spiem.pt is owned by the Sociedade Portuguesa de Investiga\u00e7\u00e3o em Educa\u00e7\u00e3o Matem\u00e1tica, with its headquarters in Lisbon at Alameda da Universidade, 1649-013 Lisboa, Portugal.<\/p><h5>1. Information gathering<\/h5><p>Whenever necessary, personal data will be collected to allow communication, access to exclusive documentation or registration in activities promoted by SPIEM. The use of these data will be made in compliance with the legislation applicable to the Data Protection Policy imposed by the CNPD (National Commission for Data Protection), in accordance with the Decree of Law No. 67\/98 of 26 October, in order to ensure the confidentiality and security of personal data provided.<br>All information collected is provided on a voluntary basis either via the website, online forms, questionnaires, promotion of activities and events. SPIEM collects personal data such as names, addresses, emails, phone numbers, IP address. The entity responsible for the collection and processing of personal data is SPIEM.<\/p><h5>2. Use of Collected Data<\/h5><p>SPIEM commits to comply with the rules of personal data processing in force in Portugal.<br>The information obtained may be used by SPIEM to send information about Mathematics Education to its users and readers.<br>The data collected is intended exclusively for SPIEM&#8217;s use, in order to follow up on requests made through this website, guaranteeing, as far as current technology allows, the privacy and protection of user data.<br>SPIEM may disclose your personal information to other companies, such as carriers, when it is necessary to do so in order to provide you with a product or service.<\/p><h5>3. Right of Access, Rectification, Cancellation and Opposition<\/h5><p>In accordance with the Law 67\/98 of 26 October, any person can request access to their personal data, and be informed of its content, as well as demand its rectification, updating or request its destruction, by written request addressed to SPIEM to the email address: <a href=\"mailto:info@spiem.pt\">info@spiem.pt<\/a><\/p><h5>4. Security and Data Protection<\/h5><p>SPIEM is committed to adopting the necessary security measures to guarantee the safeguarding of users&#8217; personal data against possible misuse or unauthorised access.<br>Nevertheless, as the internet is not a 100% secure means of communication, SPIEM cannot guarantee the security of any information that it divulges online, nor be responsible for losses or damages caused to the user as a consequence of the loss of confidentiality of the information.<\/p><h5>5. Responsibility<\/h5><p>On this web page users may find links that redirect them to other web pages outside the domain of SPIEM&#8217;s servers that may themselves collect data or request personal information. This Privacy Policy does not apply to third party sites, so please read their Privacy Policy, for which we are not responsible.<\/p><h5>6. Agreement to the Privacy Policy<\/h5><p>It is understood that you accept the conditions of this privacy policy by entering your details. The completion of the forms implies consent by the user to the automated treatment and use of the data in accordance with the privacy conditions described in this document.<\/p><h5>7. Changes to the Privacy Policy<\/h5><p>SPIEM reserves the right, at any time, to update or revise the present Privacy Policy in order to adjust it to possible legislative changes and\/or other constraints. Any change made will be published here, so the user should visit this area frequently in order to keep informed about the Privacy Policy in force.<\/p>\t\t\t\t\t\t\t\t<\/div>\n\t\t\t\t\t<\/div>\n\t\t<\/div>\n\t\t\t\t\t<\/div>\n\t\t<\/section>\n\t\t\t\t<\/div>\n\t\t","protected":false},"excerpt":{"rendered":"<p>Table of contents Please read our Privacy Policy carefully.If you do not agree to it, you should not use this website. The Portuguese Society of Research in Mathematics Education &#8211; [&hellip;]<\/p>\n","protected":false},"author":75,"featured_media":0,"parent":3700,"menu_order":0,"comment_status":"closed","ping_status":"closed","template":"","meta":{"_acf_changed":false,"_EventAllDay":false,"_EventTimezone":"","_EventStartDate":"","_EventEndDate":"","_EventStartDateUTC":"","_EventEndDateUTC":"","_EventShowMap":false,"_EventShowMapLink":false,"_EventURL":"","_EventCost":"","_EventCostDescription":"","_EventCurrencySymbol":"","_EventCurrencyCode":"","_EventCurrencyPosition":"","_EventDateTimeSeparator":"","_EventTimeRangeSeparator":"","_EventOrganizerID":[],"_EventVenueID":[],"_OrganizerEmail":"","_OrganizerPhone":"","_OrganizerWebsite":"","_VenueAddress":"","_VenueCity":"","_VenueCountry":"","_VenueProvince":"","_VenueState":"","_VenueZip":"","_VenuePhone":"","_VenueURL":"","_VenueStateProvince":"","_VenueLat":"","_VenueLng":"","_VenueShowMap":false,"_VenueShowMapLink":false,"footnotes":""},"class_list":["post-4774","page","type-page","status-publish","hentry"],"acf":[],"_links":{"self":[{"href":"https:\/\/spiem.pt\/en\/wp-json\/wp\/v2\/pages\/4774","targetHints":{"allow":["GET"]}}],"collection":[{"href":"https:\/\/spiem.pt\/en\/wp-json\/wp\/v2\/pages"}],"about":[{"href":"https:\/\/spiem.pt\/en\/wp-json\/wp\/v2\/types\/page"}],"author":[{"embeddable":true,"href":"https:\/\/spiem.pt\/en\/wp-json\/wp\/v2\/users\/75"}],"replies":[{"embeddable":true,"href":"https:\/\/spiem.pt\/en\/wp-json\/wp\/v2\/comments?post=4774"}],"version-history":[{"count":0,"href":"https:\/\/spiem.pt\/en\/wp-json\/wp\/v2\/pages\/4774\/revisions"}],"up":[{"embeddable":true,"href":"https:\/\/spiem.pt\/en\/wp-json\/wp\/v2\/pages\/3700"}],"wp:attachment":[{"href":"https:\/\/spiem.pt\/en\/wp-json\/wp\/v2\/media?parent=4774"}],"curies":[{"name":"wp","href":"https:\/\/api.w.org\/{rel}","templated":true}]}}