{"id":4089,"date":"2022-06-22T22:43:31","date_gmt":"2022-06-22T21:43:31","guid":{"rendered":"http:\/\/spiem.pt\/rksqgrp\/collaborations\/seiem\/"},"modified":"2023-10-12T21:21:04","modified_gmt":"2023-10-12T20:21:04","slug":"seiem","status":"publish","type":"page","link":"https:\/\/spiem.pt\/en\/collaborations\/seiem\/","title":{"rendered":"Sociedad Espa\u00f1ola de Investigaci\u00f3n en Educaci\u00f3n Matem\u00e1tica &#8211; SEIEM"},"content":{"rendered":"\t\t<div data-elementor-type=\"wp-page\" data-elementor-id=\"4089\" class=\"elementor elementor-4089 elementor-4084\" data-elementor-post-type=\"page\">\n\t\t\t\t\t\t<section class=\"elementor-section elementor-top-section elementor-element elementor-element-cac112b elementor-section-boxed elementor-section-height-default elementor-section-height-default\" data-id=\"cac112b\" data-element_type=\"section\" data-e-type=\"section\" data-settings=\"{&quot;jet_parallax_layout_list&quot;:[]}\">\n\t\t\t\t\t\t<div class=\"elementor-container elementor-column-gap-default\">\n\t\t\t\t\t<div class=\"elementor-column elementor-col-100 elementor-top-column elementor-element elementor-element-b85d7cc\" data-id=\"b85d7cc\" data-element_type=\"column\" data-e-type=\"column\">\n\t\t\t<div class=\"elementor-widget-wrap elementor-element-populated\">\n\t\t\t\t\t\t<div class=\"elementor-element elementor-element-6a5cb23 elementor-widget elementor-widget-text-editor\" data-id=\"6a5cb23\" data-element_type=\"widget\" data-e-type=\"widget\" data-widget_type=\"text-editor.default\">\n\t\t\t\t\t\t\t\t\t<p>Collaboration with the <a rel=\"noreferrer noopener\" href=\"http:\/\/www.seiem.es\" target=\"_blank\"><strong>Spanish Society of Research<\/strong> <strong>in Mathematics Education [SEIEM]<\/strong><\/a> [SEIEM] involves Portuguese participation in Spanish meetings and vice versa.<\/p>\n\t\t\t\t\t\t\t\t<\/div>\n\t\t\t\t\t<\/div>\n\t\t<\/div>\n\t\t\t\t\t<\/div>\n\t\t<\/section>\n\t\t\t\t<\/div>\n\t\t","protected":false},"excerpt":{"rendered":"<p>Collaboration with the Spanish Society of Research in Mathematics Education [SEIEM] [SEIEM] involves Portuguese participation in Spanish meetings and vice versa.<\/p>\n","protected":false},"author":75,"featured_media":0,"parent":3689,"menu_order":0,"comment_status":"closed","ping_status":"closed","template":"","meta":{"_acf_changed":false,"_EventAllDay":false,"_EventTimezone":"","_EventStartDate":"","_EventEndDate":"","_EventStartDateUTC":"","_EventEndDateUTC":"","_EventShowMap":false,"_EventShowMapLink":false,"_EventURL":"","_EventCost":"","_EventCostDescription":"","_EventCurrencySymbol":"","_EventCurrencyCode":"","_EventCurrencyPosition":"","_EventDateTimeSeparator":"","_EventTimeRangeSeparator":"","_EventOrganizerID":[],"_EventVenueID":[],"_OrganizerEmail":"","_OrganizerPhone":"","_OrganizerWebsite":"","_VenueAddress":"","_VenueCity":"","_VenueCountry":"","_VenueProvince":"","_VenueState":"","_VenueZip":"","_VenuePhone":"","_VenueURL":"","_VenueStateProvince":"","_VenueLat":"","_VenueLng":"","_VenueShowMap":false,"_VenueShowMapLink":false,"footnotes":""},"class_list":["post-4089","page","type-page","status-publish","hentry"],"acf":[],"_links":{"self":[{"href":"https:\/\/spiem.pt\/en\/wp-json\/wp\/v2\/pages\/4089","targetHints":{"allow":["GET"]}}],"collection":[{"href":"https:\/\/spiem.pt\/en\/wp-json\/wp\/v2\/pages"}],"about":[{"href":"https:\/\/spiem.pt\/en\/wp-json\/wp\/v2\/types\/page"}],"author":[{"embeddable":true,"href":"https:\/\/spiem.pt\/en\/wp-json\/wp\/v2\/users\/75"}],"replies":[{"embeddable":true,"href":"https:\/\/spiem.pt\/en\/wp-json\/wp\/v2\/comments?post=4089"}],"version-history":[{"count":0,"href":"https:\/\/spiem.pt\/en\/wp-json\/wp\/v2\/pages\/4089\/revisions"}],"up":[{"embeddable":true,"href":"https:\/\/spiem.pt\/en\/wp-json\/wp\/v2\/pages\/3689"}],"wp:attachment":[{"href":"https:\/\/spiem.pt\/en\/wp-json\/wp\/v2\/media?parent=4089"}],"curies":[{"name":"wp","href":"https:\/\/api.w.org\/{rel}","templated":true}]}}